{"id":440,"date":"2024-03-13T03:39:46","date_gmt":"2024-03-13T03:39:46","guid":{"rendered":"https:\/\/dovatravel.com\/?page_id=440"},"modified":"2024-03-13T04:10:13","modified_gmt":"2024-03-13T04:10:13","slug":"398-2-2","status":"publish","type":"page","link":"https:\/\/dovatravel.com\/index.php\/398-2-2\/","title":{"rendered":"BARRANCAS DEL COBRE"},"content":{"rendered":"\n<div class=\"wp-block-cover alignfull is-light has-large-font-size\" style=\"margin-top:0px;margin-bottom:0px;min-height:608px\"><span aria-hidden=\"true\" class=\"wp-block-cover__background has-background-dim-0 has-background-dim\"><\/span><img loading=\"lazy\" decoding=\"async\" width=\"800\" height=\"410\" class=\"wp-block-cover__image-background wp-image-281\" alt=\"\" src=\"https:\/\/dovatravel.com\/wp-content\/uploads\/2024\/02\/Chihuahua-Nevado.webp\" data-object-fit=\"cover\" srcset=\"https:\/\/dovatravel.com\/wp-content\/uploads\/2024\/02\/Chihuahua-Nevado.webp 800w, https:\/\/dovatravel.com\/wp-content\/uploads\/2024\/02\/Chihuahua-Nevado-300x154.webp 300w, https:\/\/dovatravel.com\/wp-content\/uploads\/2024\/02\/Chihuahua-Nevado-768x394.webp 768w\" sizes=\"(max-width: 800px) 100vw, 800px\" \/><div class=\"wp-block-cover__inner-container is-layout-flow wp-block-cover-is-layout-flow\">\n<div class=\"wp-block-group has-global-padding is-layout-constrained wp-container-core-group-layout-2 wp-block-group-is-layout-constrained\">\n<div class=\"wp-block-group alignwide has-global-padding is-content-justification-left is-layout-constrained wp-container-core-group-layout-1 wp-block-group-is-layout-constrained\">\n<h1 class=\"wp-block-heading has-xxxx-large-font-size\" style=\"margin-top:16px;margin-right:0px;margin-bottom:0px;margin-left:0px;line-height:1;color:#fff;\">5 D\u00edas 4 Noches<\/h1>\n\n\n\n\n<p class=\"has-text-color has-medium-font-size\" style=\"color:#ffffffcc;margin-top:24px;margin-right:0;margin-bottom:0px;margin-left:0;letter-spacing:-0.02em;line-height:1.8\">DESDE $22,400 por dos personas en habitaci\u00f3n doble (2X1)<\/p>\n\n\n\n<p class=\"has-text-color has-medium-font-size\" style=\"color:#ffffffcc;margin-top:24px;margin-right:0;margin-bottom:0px;margin-left:0;letter-spacing:-0.02em;line-height:1.8\">Iniciando en Chihuahua y Terminando en Los Mochis<\/p>\n\n\n\n<div class=\"wp-block-buttons is-layout-flex wp-block-buttons-is-layout-flex\" style=\"margin-top:48px;margin-bottom:0px\">\n<div class=\"wp-block-button has-custom-font-size is-style-bs-button-1 is-style-blockscape-button-icon-after\" style=\"font-size:18px;line-height:1.7\"><a class=\"wp-block-button__link wp-element-button\" href=\"https:\/\/wa.me\/+523332437943\" style=\"padding-top:16px;padding-right:32px;padding-bottom:16px;padding-left:32px\" target=\"_blank\" rel=\"noreferrer noopener\">Reserva aqu\u00ed<\/a><\/div>\n<\/div>\n<\/div>\n<\/div>\n<\/div><\/div>\n\n\n\n<div class=\"wp-block-group is-style-mob-pd_top-40 is-style-mob-pd_lr-25 has-primary-blue-gradient-background has-background has-global-padding is-layout-constrained wp-block-group-is-layout-constrained\" style=\"border-radius:12px;padding-top:80px;padding-right:64px;padding-bottom:0px;padding-left:64px\">\n<div class=\"wp-block-group has-global-padding is-content-justification-center is-layout-constrained wp-block-group-is-layout-constrained\" style=\"padding-top:0;padding-right:0;padding-bottom:0;padding-left:0\">\n<!DOCTYPE html>\n<html lang=\"es\">\n<head>\n    <meta charset=\"UTF-8\">\n    <meta name=\"viewport\" content=\"width=device-width, initial-scale=1.0\">\n    <title>Itinerario de Viaje<\/title>\n    <style>\n        body {\n            font-family: Arial, sans-serif;\n            background-color: #f2f2f2;\n            margin: 0;\n            padding: 0;\n        }\n        \n        .container {\n            max-width: 900px; \/* Aumentamos el ancho *\/\n            margin: 20px auto;\n            padding: 20px;\n            background: #fff;\n            border-radius: 8px;\n            box-shadow: 0 0 10px rgba(0, 0, 0, 0.1);\n            color: #333;\n        }\n        \n        h1 {\n            color: #007bff;\n            text-align: center;\n            margin-bottom: 20px;\n            font-size: 32px;\n        }\n        \n        .day {\n            margin-bottom: 30px;\n        }\n        \n        .day-title {\n            color: #007bff;\n            font-size: 24px;\n            margin-top: 0;\n            margin-bottom: 10px;\n        }\n        \n        p {\n            margin-bottom: 10px;\n            font-size: 16px;\n            line-height: 1.6;\n        }\n        \n        .includes {\n            background: #f9f9f9;\n            color: #333;\n            padding: 20px;\n            border-radius: 8px;\n            box-shadow: 0 0 10px rgba(0, 0, 0, 0.1);\n        }\n        \n        .includes h2 {\n            color: #007bff;\n            font-size: 20px;\n            margin-top: 0;\n            margin-bottom: 10px;\n        }\n        \n        .includes ul {\n            list-style-type: none;\n            padding: 0;\n            margin: 0;\n        }\n        \n        .includes ul li {\n            margin-bottom: 10px;\n            font-size: 16px;\n        }\n    <\/style>\n<\/head>\n<body>\n    <div class=\"container\">\n        <h1>Itinerario de Viaje<\/h1>\n        \n        <div class=\"day\">\n            <h2 class=\"day-title\">D\u00eda 1 Chihuahua<\/h2>\n            <p>Llegada al aeropuerto de Chihuahua donde un representante de Viajes Dorados los contactar\u00e1 y trasladar\u00e1 a su hotel. Sus documentos de viaje (cupones de hoteles, boletos de tren e itinerario) estar\u00e1n en la recepci\u00f3n de su hotel; favor de solicitarlos a su registro (en caso de que sus documentos no est\u00e9n en la recepci\u00f3n, estos se les entregar\u00e1n en el transcurso del d\u00eda).<\/p>\n            <p>Este d\u00eda paseo guiado (la hora de su paseo se le asignar\u00e1 a su llegada) por los principales puntos de inter\u00e9s de la ciudad visitando el Museo de Pancho Villa (cerrado los lunes), Palacio de Gobierno y sus murales descriptivos de la historia del estado, Catedral, Acueducto Colonial y la zona residencial. Cena ligera incluida en el hotel.<\/p>\n        <\/div>\n        \n        <div class=\"day\">\n            <h2 class=\"day-title\">D\u00eda 2 Chihuahua-Creel<\/h2>\n            <p>Esta ma\u00f1ana a las 6:00 am ser\u00e1n trasladados por personal de Viajes Dorados a la estaci\u00f3n de autobuses de Autotransportes Tur\u00edsticos Noroeste (l\u00ednea local\/paradas continuas) para abordar su autob\u00fas a las 7:00 am con destino a Creel. Llegada a Creel a las 11:00 pm aproximadamente donde ser\u00e1n recibidos y trasladados a su hotel por personal del mismo. Tarde libre para disfrutar de este pintoresco Pueblo M\u00e1gico.<\/p>\n        <\/div>\n        \n        <div class=\"day\">\n            <h2 class=\"day-title\">D\u00eda 3 Creel-Divisadero\/Posada Barrancas<\/h2>\n            <p>Desayuno incluido en el hotel. Esta ma\u00f1ana a las 10:30 am traslado por personal del hotel a la estaci\u00f3n de autobuses de Autotransportes Tur\u00edsticos Noroeste (l\u00ednea local\/paradas continuas) para abordar a las 11:00 am su autob\u00fas con destino a Divisadero. Llegada a las 12:00 pm aproximadamente a estaci\u00f3n Divisadero, favor de localizar la transportaci\u00f3n de su hotel para su traslado al mismo. Esta tarde sugerimos; visita al Parque Aventura Barrancas del Cobre que se encuentra en el \u00e1rea y donde podr\u00e1 visitar los distintos miradores, mirador piedra volada, retar su esp\u00edritu aventurero en el puente colgante que cruza un peque\u00f1o ca\u00f1\u00f3n, paseo en el Telef\u00e9rico o Tirolesas (opcional-no incluidos), o simplemente comprar bonita artesan\u00eda Tarahumara.<\/p>\n        <\/div>\n        \n        <div class=\"day\">\n            <h2 class=\"day-title\">D\u00eda 4 Divisadero\/Posada Barrancas-El Fuerte<\/h2>\n            <p>\u00a1Todos Abordo!! (se requiere de identificaci\u00f3n oficial para abordar el tren) Desayuno incluido en el hotel; traslado a la estaci\u00f3n del tren por personal del hotel para abordar el Tren Chepe Express clase turista a las 09:55 am con destino a la ciudad colonial de El Fuerte. Disfrute de la parte m\u00e1s interesante del recorrido en el tren al cruzar por varios puentes y t\u00faneles que engalanan las impresionantes vistas que la Sierra Madre ofrece. Llegada a El Fuerte \u201cPueblo M\u00e1gico\u201d a las 02:35 pm donde ser\u00e1n recibidos por el Sr. Pedro Bernal (trasladista) y trasladados a su hotel. Esta tarde; caminata por su cuenta por las calles adoquinadas, visite su iglesia colonial, el palacio municipal, el mercado, el museo local, tambi\u00e9n realice una relajante caminata por la orilla del r\u00edo que cruza por un lado de su hotel o simplemente disfrute de las hermosas instalaciones de su hotel.<\/p>\n        <\/div>\n        \n        <div class=\"day\">\n            <h2 class=\"day-title\">D\u00eda 05 Salida<\/h2>\n            <p>Traslado al aeropuerto de Los Mochis por el Sr. Pedro Bernal (trasladista), favor de considerar dos horas de traslado por carretera y dos horas previas de registro que las aerol\u00edneas solicitan.<\/p>\n        <\/div>\n        \n        <div class=\"includes\">\n            <h2>Paquetes incluyen:<\/h2>\n            <ul>\n                <li>Hospedaje<\/li>\n                <li>Alimentos por persona seg\u00fan se indica: (men\u00fa fijo\/no incluye bebidas). Nota: En caso de requerir una dieta especial o ser al\u00e9rgico a un alimento favor de notificarlo con anticipaci\u00f3n.<\/li>\n                <li>Boletos de autob\u00fas Autotransportes Tur\u00edsticos Noroeste (l\u00ednea local\/paradas continuas)<\/li>\n                <li>Boletos de Tren Chepe Express clase turista<\/li>\n                <li>Traslados y tours como se indica (servicio en compartido\/no privados)<\/li>\n                <li>Impuestos<\/li>\n            <\/ul>\n        <\/div>\n    <\/div>\n<\/body>\n<\/html>\n\n\n\n<p class=\"has-text-align-left has-white-color has-text-color has-x-large-font-size\" style=\"margin-top:0px;margin-right:0px;margin-bottom:0px;margin-left:0px;line-height:1.3\"> <\/p>\n\n\n\n<div class=\"wp-block-columns is-layout-flex wp-container-core-columns-layout-1 wp-block-columns-is-layout-flex\">\n<div class=\"wp-block-column is-vertically-aligned-center is-layout-flow wp-block-column-is-layout-flow\" style=\"flex-basis:45%\"><\/div>\n<\/div>\n<\/div>\n<\/div>\n\n\n\n<div class=\"wp-block-group alignwide is-layout-flow wp-block-group-is-layout-flow\" style=\"margin-top:0px;margin-bottom:0px;padding-top:0px;padding-right:24px;padding-bottom:0px;padding-left:24px\">\n<div class=\"wp-block-columns is-layout-flex wp-container-core-columns-layout-2 wp-block-columns-is-layout-flex\" style=\"margin-top:0px;margin-bottom:0px;padding-top:0px;padding-right:0px;padding-bottom:0px;padding-left:0px\">\n<div class=\"wp-block-column is-layout-flow wp-block-column-is-layout-flow\" style=\"border-top-style:none;border-top-width:0px;border-right-color:var(--wp--preset--color--section-bg);border-right-width:1px;border-bottom-style:none;border-bottom-width:0px;border-left-style:none;border-left-width:0px;padding-top:0px;padding-right:72px;padding-bottom:0px;padding-left:0px\">\n<div class=\"wp-block-group has-global-padding is-layout-constrained wp-block-group-is-layout-constrained\" style=\"margin-top:0px;margin-bottom:0px;padding-top:0px;padding-right:0px;padding-bottom:0px;padding-left:0px\">\n<div class=\"wp-block-group has-global-padding is-layout-constrained wp-block-group-is-layout-constrained\" style=\"margin-top:0px;margin-bottom:0px;padding-top:0px;padding-right:0px;padding-bottom:0px;padding-left:0px\">\n<p><\/p>\n<\/div>\n<\/div>\n<\/div>\n<\/div>\n<\/div>\n","protected":false},"excerpt":{"rendered":"<p>Itinerario de Viaje Itinerario de Viaje D\u00eda 1 Chihuahua Llegada al aeropuerto de Chihuahua donde un representante de Viajes Dorados los contactar\u00e1 y trasladar\u00e1 a su hotel. Sus documentos de viaje (cupones de hoteles, boletos de tren e itinerario) estar\u00e1n en la recepci\u00f3n de su hotel; favor de solicitarlos a su registro (en caso de [&hellip;]<\/p>\n","protected":false},"author":1,"featured_media":0,"parent":0,"menu_order":0,"comment_status":"closed","ping_status":"closed","template":"","meta":{"footnotes":""},"_links":{"self":[{"href":"https:\/\/dovatravel.com\/index.php\/wp-json\/wp\/v2\/pages\/440"}],"collection":[{"href":"https:\/\/dovatravel.com\/index.php\/wp-json\/wp\/v2\/pages"}],"about":[{"href":"https:\/\/dovatravel.com\/index.php\/wp-json\/wp\/v2\/types\/page"}],"author":[{"embeddable":true,"href":"https:\/\/dovatravel.com\/index.php\/wp-json\/wp\/v2\/users\/1"}],"replies":[{"embeddable":true,"href":"https:\/\/dovatravel.com\/index.php\/wp-json\/wp\/v2\/comments?post=440"}],"version-history":[{"count":3,"href":"https:\/\/dovatravel.com\/index.php\/wp-json\/wp\/v2\/pages\/440\/revisions"}],"predecessor-version":[{"id":467,"href":"https:\/\/dovatravel.com\/index.php\/wp-json\/wp\/v2\/pages\/440\/revisions\/467"}],"wp:attachment":[{"href":"https:\/\/dovatravel.com\/index.php\/wp-json\/wp\/v2\/media?parent=440"}],"curies":[{"name":"wp","href":"https:\/\/api.w.org\/{rel}","templated":true}]}}