{"id":453,"date":"2024-03-13T03:51:00","date_gmt":"2024-03-13T03:51:00","guid":{"rendered":"https:\/\/dovatravel.com\/?page_id=453"},"modified":"2024-03-13T04:12:52","modified_gmt":"2024-03-13T04:12:52","slug":"398-2-4","status":"publish","type":"page","link":"https:\/\/dovatravel.com\/index.php\/398-2-4\/","title":{"rendered":"MERIDA"},"content":{"rendered":"\n<div class=\"wp-block-cover alignfull is-light has-large-font-size\" style=\"margin-top:0px;margin-bottom:0px;min-height:608px\"><span aria-hidden=\"true\" class=\"wp-block-cover__background has-background-dim-0 has-background-dim\"><\/span><img loading=\"lazy\" decoding=\"async\" width=\"2560\" height=\"1920\" class=\"wp-block-cover__image-background wp-image-280\" alt=\"\" src=\"https:\/\/dovatravel.com\/wp-content\/uploads\/2024\/02\/ivan-cervantes-qW6Z11obxUo-unsplash-scaled.jpg\" data-object-fit=\"cover\" srcset=\"https:\/\/dovatravel.com\/wp-content\/uploads\/2024\/02\/ivan-cervantes-qW6Z11obxUo-unsplash-scaled.jpg 2560w, https:\/\/dovatravel.com\/wp-content\/uploads\/2024\/02\/ivan-cervantes-qW6Z11obxUo-unsplash-300x225.jpg 300w, https:\/\/dovatravel.com\/wp-content\/uploads\/2024\/02\/ivan-cervantes-qW6Z11obxUo-unsplash-1024x768.jpg 1024w, https:\/\/dovatravel.com\/wp-content\/uploads\/2024\/02\/ivan-cervantes-qW6Z11obxUo-unsplash-768x576.jpg 768w, https:\/\/dovatravel.com\/wp-content\/uploads\/2024\/02\/ivan-cervantes-qW6Z11obxUo-unsplash-1536x1152.jpg 1536w, https:\/\/dovatravel.com\/wp-content\/uploads\/2024\/02\/ivan-cervantes-qW6Z11obxUo-unsplash-2048x1536.jpg 2048w\" sizes=\"(max-width: 2560px) 100vw, 2560px\" \/><div class=\"wp-block-cover__inner-container is-layout-flow wp-block-cover-is-layout-flow\">\n<div class=\"wp-block-group has-global-padding is-layout-constrained wp-container-core-group-layout-2 wp-block-group-is-layout-constrained\">\n<div class=\"wp-block-group alignwide has-global-padding is-content-justification-left is-layout-constrained wp-container-core-group-layout-1 wp-block-group-is-layout-constrained\">\n<h1 class=\"wp-block-heading has-xxxx-large-font-size\" style=\"margin-top:16px;margin-right:0px;margin-bottom:0px;margin-left:0px;line-height:1;color:#fff;\">5 D\u00edas 4 Noches<\/h1>\n\n\n\n<p class=\"has-text-color has-medium-font-size\" style=\"color:#ffffffcc;margin-top:24px;margin-right:0;margin-bottom:0px;margin-left:0;letter-spacing:-0.02em;line-height:1.8\">DESDE $20,352 por dos personas en habitaci\u00f3n doble (2X1)<\/p>\n\n\n\n<div class=\"wp-block-buttons is-layout-flex wp-block-buttons-is-layout-flex\" style=\"margin-top:48px;margin-bottom:0px\">\n<div class=\"wp-block-button has-custom-font-size is-style-bs-button-1 is-style-blockscape-button-icon-after\" style=\"font-size:18px;line-height:1.7\"><a class=\"wp-block-button__link wp-element-button\" href=\"https:\/\/wa.me\/+523332437943\" style=\"padding-top:16px;padding-right:32px;padding-bottom:16px;padding-left:32px\" target=\"_blank\" rel=\"noreferrer noopener\">Reserva aqu\u00ed<\/a><\/div>\n<\/div>\n<\/div>\n<\/div>\n<\/div><\/div>\n\n\n\n<div class=\"wp-block-group is-style-mob-pd_top-40 is-style-mob-pd_lr-25 has-primary-blue-gradient-background has-background has-global-padding is-layout-constrained wp-block-group-is-layout-constrained\" style=\"border-radius:12px;padding-top:80px;padding-right:64px;padding-bottom:0px;padding-left:64px\">\n<div class=\"wp-block-group has-global-padding is-content-justification-center is-layout-constrained wp-block-group-is-layout-constrained\" style=\"padding-top:0;padding-right:0;padding-bottom:0;padding-left:0\">\n<!DOCTYPE html>\n<html lang=\"es\">\n<head>\n    <meta charset=\"UTF-8\">\n    <meta name=\"viewport\" content=\"width=device-width, initial-scale=1.0\">\n    <title>Itinerario de Viaje<\/title>\n    <style>\n        body {\n            font-family: Arial, sans-serif;\n            background-color: #f2f2f2;\n            margin: 0;\n            padding: 0;\n        }\n        \n        .container {\n            max-width: 900px; \/* Aumentamos el ancho *\/\n            margin: 20px auto;\n            padding: 20px;\n            background: #fff;\n            border-radius: 8px;\n            box-shadow: 0 0 10px rgba(0, 0, 0, 0.1);\n            color: #333;\n        }\n        \n        h1 {\n            color: #007bff;\n            text-align: center;\n            margin-bottom: 20px;\n            font-size: 32px;\n        }\n        \n        .day {\n            margin-bottom: 30px;\n        }\n        \n        .day-title {\n            color: #007bff;\n            font-size: 24px;\n            margin-top: 0;\n            margin-bottom: 10px;\n        }\n        \n        p {\n            margin-bottom: 10px;\n            font-size: 16px;\n            line-height: 1.6;\n        }\n        \n        .includes {\n            background: #f9f9f9;\n            color: #333;\n            padding: 20px;\n            border-radius: 8px;\n            box-shadow: 0 0 10px rgba(0, 0, 0, 0.1);\n        }\n        \n        .includes h2 {\n            color: #007bff;\n            font-size: 20px;\n            margin-top: 0;\n            margin-bottom: 10px;\n        }\n        \n        .includes ul {\n            list-style-type: none;\n            padding: 0;\n            margin: 0;\n        }\n        \n        .includes ul li {\n            margin-bottom: 10px;\n            font-size: 16px;\n        }\n    <\/style>\n<\/head>\n<body>\n    <div class=\"container\">\n        <h1>Itinerario de Viaje<\/h1>\n        \n        <div class=\"day\">\n            <h2 class=\"day-title\">D\u00cdA 01. &#8211; PICK UP AEROPUERTO EN MERIDA Y TRASLADO AL HOTEL.<\/h2>\n            <p>Recepci\u00f3n al aeropuerto de la ciudad M\u00e9rida en el horario indicado y traslado al hotel, el resto del d\u00eda ser\u00e1 libre.<\/p>\n        <\/div>\n        \n        <div class=\"day\">\n            <h2 class=\"day-title\">D\u00cdA 02 &#8211; TOUR CHICHEN ITZA_ PUEBLOS MAGICOS \u201cIZAMAL-VALLADOLID\u201d- CENOTE IK KIL<\/h2>\n            <p>Salida: 08:00 am Regreso: 09:00 pm.<\/p>\n            <p>Salida desde el hotel con destino a Pueblo M\u00e1gico de Izamal, el pueblo amarillo, tiempo para visitar el ex convento de San Antonio de Padua y para recorrido en el centro. Luego, visita a la zona arqueol\u00f3gica Chich\u00e9n Itz\u00e1 con un gu\u00eda certificado dentro de las ruinas durante 1 hora y 30 minutos. Posteriormente, visita al cenote Ik Kil para nadar y tiempo para la comida. Finalmente, visita a Valladolid, segundo pueblo m\u00e1gico reconocido en Yucat\u00e1n. Regreso a M\u00e9rida.<\/p>\n        <\/div>\n        \n        <div class=\"day\">\n            <h2 class=\"day-title\">D\u00cdA 03. &#8211; LAS COLORADAS _ RIO LAGARTOS Y PLAYA CANCUNCITO<\/h2>\n            <p>Salida: 07:00 am Regreso: 07:00 pm<\/p>\n            <p>Salida desde el hotel para visitar las salineras m\u00e1s famosas de la pen\u00ednsula, Las Coloradas. Luego, tiempo libre en playa Cancuncito. Posteriormente, visita a R\u00edo Lagartos para un recorrido en lancha tiburonera por 2 horas, con gu\u00edas que ayudar\u00e1n a identificar las diferentes aves de la zona. Regreso al embarcadero para tomar la comida y regreso a M\u00e9rida.<\/p>\n        <\/div>\n        \n        <div class=\"day\">\n            <h2 class=\"day-title\">D\u00cdA 04. &#8211; CENOTE PEBA_KABAH_UXMAL_MUSEO DEL CACAO<\/h2>\n            <p>Salida: 08:00 am Regreso: 07:00 pm<\/p>\n            <p>Salida desde el hotel para dirigirse al Cenote Peba para refrescarse. Luego, traslado a la zona arqueol\u00f3gica de Kabah y posteriormente a Uxmal, declarada Patrimonio de la Humanidad por la UNESCO. Finalmente, visita al Museo del Cacao para conocer el proceso del cacao, la flora, fauna y un peque\u00f1o zool\u00f3gico de conservaci\u00f3n. Tiempo para la comida y traslado al hotel en M\u00e9rida.<\/p>\n        <\/div>\n        \n        <div class=\"day\">\n            <h2 class=\"day-title\">D\u00cdA 05. &#8211; TRASLADO AL AEROPUERTO MERIDA MANUEL CRESCENCIO REJON.<\/h2>\n            <p>Este d\u00eda finalizamos con el traslado al aeropuerto de la ciudad de M\u00e9rida a la hora fijada del vuelo, concluyendo as\u00ed nuestros servicios.<\/p>\n        <\/div>\n        \n        <div class=\"includes\">\n            <h2>Incluye<\/h2>\n            <ul>\n                <li>Recepci\u00f3n Aeropuerto de M\u00e9rida<\/li>\n                <li>Traslado Aeropuerto M\u00e9rida<\/li>\n                <li>4 Noches de hospedaje en M\u00e9rida en base doble.<\/li>\n                <li>Entradas a los sitios a visitar.<\/li>\n                <li>3 comidas por persona los d\u00edas 2, 3 y 4 (durante los recorridos en los tours).<\/li>\n                <li>Gu\u00edas en los lugares mencionados.<\/li>\n                <li>Servicio de transporte compartido en los tours.<\/li>\n                <li>Seguro B\u00e1sico de pasajero.<\/li>\n                <li>Servicio exclusivo para mexicanos.<\/li>\n            <\/ul>\n        <\/div>\n    <\/div>\n<\/body>\n<\/html>\n\n\n\n\n<p class=\"has-text-align-left has-white-color has-text-color has-x-large-font-size\" style=\"margin-top:0px;margin-right:0px;margin-bottom:0px;margin-left:0px;line-height:1.3\"> <\/p>\n\n\n\n<div class=\"wp-block-columns is-layout-flex wp-container-core-columns-layout-1 wp-block-columns-is-layout-flex\">\n<div class=\"wp-block-column is-vertically-aligned-center is-layout-flow wp-block-column-is-layout-flow\" style=\"flex-basis:45%\"><\/div>\n<\/div>\n<\/div>\n<\/div>\n\n\n\n<div class=\"wp-block-group alignwide is-layout-flow wp-block-group-is-layout-flow\" style=\"margin-top:0px;margin-bottom:0px;padding-top:0px;padding-right:24px;padding-bottom:0px;padding-left:24px\">\n<div class=\"wp-block-columns is-layout-flex wp-container-core-columns-layout-2 wp-block-columns-is-layout-flex\" style=\"margin-top:0px;margin-bottom:0px;padding-top:0px;padding-right:0px;padding-bottom:0px;padding-left:0px\">\n<div class=\"wp-block-column is-layout-flow wp-block-column-is-layout-flow\" style=\"border-top-style:none;border-top-width:0px;border-right-color:var(--wp--preset--color--section-bg);border-right-width:1px;border-bottom-style:none;border-bottom-width:0px;border-left-style:none;border-left-width:0px;padding-top:0px;padding-right:72px;padding-bottom:0px;padding-left:0px\">\n<div class=\"wp-block-group has-global-padding is-layout-constrained wp-block-group-is-layout-constrained\" style=\"margin-top:0px;margin-bottom:0px;padding-top:0px;padding-right:0px;padding-bottom:0px;padding-left:0px\">\n<div class=\"wp-block-group has-global-padding is-layout-constrained wp-block-group-is-layout-constrained\" style=\"margin-top:0px;margin-bottom:0px;padding-top:0px;padding-right:0px;padding-bottom:0px;padding-left:0px\">\n<p><\/p>\n<\/div>\n<\/div>\n<\/div>\n<\/div>\n<\/div>\n","protected":false},"excerpt":{"rendered":"<p>Itinerario de Viaje Itinerario de Viaje D\u00cdA 01. &#8211; PICK UP AEROPUERTO EN MERIDA Y TRASLADO AL HOTEL. Recepci\u00f3n al aeropuerto de la ciudad M\u00e9rida en el horario indicado y traslado al hotel, el resto del d\u00eda ser\u00e1 libre. D\u00cdA 02 &#8211; TOUR CHICHEN ITZA_ PUEBLOS MAGICOS \u201cIZAMAL-VALLADOLID\u201d- CENOTE IK KIL Salida: 08:00 am Regreso: [&hellip;]<\/p>\n","protected":false},"author":1,"featured_media":0,"parent":0,"menu_order":0,"comment_status":"closed","ping_status":"closed","template":"","meta":{"footnotes":""},"_links":{"self":[{"href":"https:\/\/dovatravel.com\/index.php\/wp-json\/wp\/v2\/pages\/453"}],"collection":[{"href":"https:\/\/dovatravel.com\/index.php\/wp-json\/wp\/v2\/pages"}],"about":[{"href":"https:\/\/dovatravel.com\/index.php\/wp-json\/wp\/v2\/types\/page"}],"author":[{"embeddable":true,"href":"https:\/\/dovatravel.com\/index.php\/wp-json\/wp\/v2\/users\/1"}],"replies":[{"embeddable":true,"href":"https:\/\/dovatravel.com\/index.php\/wp-json\/wp\/v2\/comments?post=453"}],"version-history":[{"count":11,"href":"https:\/\/dovatravel.com\/index.php\/wp-json\/wp\/v2\/pages\/453\/revisions"}],"predecessor-version":[{"id":468,"href":"https:\/\/dovatravel.com\/index.php\/wp-json\/wp\/v2\/pages\/453\/revisions\/468"}],"wp:attachment":[{"href":"https:\/\/dovatravel.com\/index.php\/wp-json\/wp\/v2\/media?parent=453"}],"curies":[{"name":"wp","href":"https:\/\/api.w.org\/{rel}","templated":true}]}}